{"id":344,"date":"2024-03-24T15:45:32","date_gmt":"2024-03-24T14:45:32","guid":{"rendered":"https:\/\/atypicsphotography.com\/?page_id=344"},"modified":"2024-06-12T18:58:25","modified_gmt":"2024-06-12T16:58:25","slug":"a-propos","status":"publish","type":"page","link":"https:\/\/atypicsphotography.com\/index.php\/a-propos\/","title":{"rendered":"A propos"},"content":{"rendered":"\t\t<div data-elementor-type=\"wp-page\" data-elementor-id=\"344\" class=\"elementor elementor-344\" data-elementor-post-type=\"page\">\n\t\t\t\t<div class=\"elementor-element elementor-element-4130f7f3 e-con-full e-flex e-con e-parent\" data-id=\"4130f7f3\" data-element_type=\"container\" data-settings=\"{&quot;background_background&quot;:&quot;classic&quot;}\">\n\t\t<div class=\"elementor-element elementor-element-be9e9a6 e-con-full e-flex e-con e-child\" data-id=\"be9e9a6\" data-element_type=\"container\">\n\t\t\t\t<div class=\"elementor-element elementor-element-79f7a3db elementor-widget elementor-widget-heading\" data-id=\"79f7a3db\" data-element_type=\"widget\" data-widget_type=\"heading.default\">\n\t\t\t\t<div class=\"elementor-widget-container\">\n\t\t\t<style>\/*! elementor - v3.22.0 - 17-06-2024 *\/\n.elementor-heading-title{padding:0;margin:0;line-height:1}.elementor-widget-heading .elementor-heading-title[class*=elementor-size-]>a{color:inherit;font-size:inherit;line-height:inherit}.elementor-widget-heading .elementor-heading-title.elementor-size-small{font-size:15px}.elementor-widget-heading .elementor-heading-title.elementor-size-medium{font-size:19px}.elementor-widget-heading .elementor-heading-title.elementor-size-large{font-size:29px}.elementor-widget-heading .elementor-heading-title.elementor-size-xl{font-size:39px}.elementor-widget-heading .elementor-heading-title.elementor-size-xxl{font-size:59px}<\/style><h2 class=\"elementor-heading-title elementor-size-default\">HELLO !<\/h2>\t\t<\/div>\n\t\t\t\t<\/div>\n\t\t\t\t<div class=\"elementor-element elementor-element-1f406d3d elementor-widget elementor-widget-text-editor\" data-id=\"1f406d3d\" data-element_type=\"widget\" data-widget_type=\"text-editor.default\">\n\t\t\t\t<div class=\"elementor-widget-container\">\n\t\t\t<style>\/*! elementor - v3.22.0 - 17-06-2024 *\/\n.elementor-widget-text-editor.elementor-drop-cap-view-stacked .elementor-drop-cap{background-color:#69727d;color:#fff}.elementor-widget-text-editor.elementor-drop-cap-view-framed .elementor-drop-cap{color:#69727d;border:3px solid;background-color:transparent}.elementor-widget-text-editor:not(.elementor-drop-cap-view-default) .elementor-drop-cap{margin-top:8px}.elementor-widget-text-editor:not(.elementor-drop-cap-view-default) .elementor-drop-cap-letter{width:1em;height:1em}.elementor-widget-text-editor .elementor-drop-cap{float:left;text-align:center;line-height:1;font-size:50px}.elementor-widget-text-editor .elementor-drop-cap-letter{display:inline-block}<\/style>\t\t\t\t<p>Mon aventure photographique a d\u00e9but\u00e9 depuis 4 ans maintenant, et au cours de ces ann\u00e9es j&#8217;ai su d\u00e9velopper mon style et affirmer ma singularit\u00e9 dans chacun de mes clich\u00e9s.<\/p><p>Pour moi, il ne s&#8217;agit pas simplement de faire de jolis clich\u00e9s, mais de vous mettre en lumi\u00e8re, vous permettre d&#8217;\u00eatre vous m\u00eame et de capturer votre splendeur naturelle.<\/p><p>La passion \u00e9tant mon principal leitmotiv, je m&#8217;assure de vous garantir une exp\u00e9rience inoubliable, pleine de bienveillance et d&#8217;\u00e9motions. Avec pour gage de vous produire des photographies de qualit\u00e9s exceptionnelles.<\/p><p>Sous mon objectif vous pourrez vous d\u00e9couvrir ou vous red\u00e9couvrir et embrasser pleinement qui vous \u00eates<\/p>\t\t\t\t\t\t<\/div>\n\t\t\t\t<\/div>\n\t\t\t\t<div class=\"elementor-element elementor-element-2f235c9 elementor-widget elementor-widget-heading\" data-id=\"2f235c9\" data-element_type=\"widget\" data-widget_type=\"heading.default\">\n\t\t\t\t<div class=\"elementor-widget-container\">\n\t\t\t<h2 class=\"elementor-heading-title elementor-size-default\">Yannaty KOUYAT\u00c9<\/h2>\t\t<\/div>\n\t\t\t\t<\/div>\n\t\t\t\t<\/div>\n\t\t\t\t<div class=\"elementor-element elementor-element-5f92e789 elementor-widget__width-initial elementor-widget-tablet__width-inherit elementor-widget elementor-widget-image\" data-id=\"5f92e789\" data-element_type=\"widget\" data-widget_type=\"image.default\">\n\t\t\t\t<div class=\"elementor-widget-container\">\n\t\t\t<style>\/*! elementor - v3.22.0 - 17-06-2024 *\/\n.elementor-widget-image{text-align:center}.elementor-widget-image a{display:inline-block}.elementor-widget-image a img[src$=\".svg\"]{width:48px}.elementor-widget-image img{vertical-align:middle;display:inline-block}<\/style>\t\t\t\t\t\t\t\t\t\t<img fetchpriority=\"high\" decoding=\"async\" width=\"2560\" height=\"2008\" src=\"https:\/\/atypicsphotography.com\/wp-content\/uploads\/2024\/03\/48AEAC9B-D42F-4AE7-9301-3BF45396920F-scaled.jpg\" class=\"attachment-full size-full wp-image-1183\" alt=\"\" srcset=\"https:\/\/atypicsphotography.com\/wp-content\/uploads\/2024\/03\/48AEAC9B-D42F-4AE7-9301-3BF45396920F-scaled.jpg 2560w, https:\/\/atypicsphotography.com\/wp-content\/uploads\/2024\/03\/48AEAC9B-D42F-4AE7-9301-3BF45396920F-300x235.jpg 300w, https:\/\/atypicsphotography.com\/wp-content\/uploads\/2024\/03\/48AEAC9B-D42F-4AE7-9301-3BF45396920F-1024x803.jpg 1024w, https:\/\/atypicsphotography.com\/wp-content\/uploads\/2024\/03\/48AEAC9B-D42F-4AE7-9301-3BF45396920F-768x602.jpg 768w, https:\/\/atypicsphotography.com\/wp-content\/uploads\/2024\/03\/48AEAC9B-D42F-4AE7-9301-3BF45396920F-1536x1205.jpg 1536w, https:\/\/atypicsphotography.com\/wp-content\/uploads\/2024\/03\/48AEAC9B-D42F-4AE7-9301-3BF45396920F-2048x1606.jpg 2048w\" sizes=\"(max-width: 2560px) 100vw, 2560px\" \/>\t\t\t\t\t\t\t\t\t\t\t\t\t<\/div>\n\t\t\t\t<\/div>\n\t\t\t\t<\/div>\n\t\t<div class=\"elementor-element elementor-element-e3f976e e-con-full e-flex e-con e-parent\" data-id=\"e3f976e\" data-element_type=\"container\" data-settings=\"{&quot;background_background&quot;:&quot;classic&quot;}\">\n\t\t<div class=\"elementor-element elementor-element-a5fbb38 e-con-full e-flex e-con e-child\" data-id=\"a5fbb38\" data-element_type=\"container\">\n\t\t\t\t<div class=\"elementor-element elementor-element-2ea1fcd elementor-widget elementor-widget-heading\" data-id=\"2ea1fcd\" data-element_type=\"widget\" data-widget_type=\"heading.default\">\n\t\t\t\t<div class=\"elementor-widget-container\">\n\t\t\t<h2 class=\"elementor-heading-title elementor-size-default\">D\u00e9couvrez nos services<\/h2>\t\t<\/div>\n\t\t\t\t<\/div>\n\t\t\t\t<div class=\"elementor-element elementor-element-e1ddf4d elementor-widget elementor-widget-text-editor\" data-id=\"e1ddf4d\" data-element_type=\"widget\" data-widget_type=\"text-editor.default\">\n\t\t\t\t<div class=\"elementor-widget-container\">\n\t\t\t\t\t\t\t<p>Mariage, \u00e9v\u00e9nement, shooting solo ou en duo&#8230; Nous r\u00e9pondons \u00e0 toutes vos envies et rendons vos moments inobliables !<\/p>\t\t\t\t\t\t<\/div>\n\t\t\t\t<\/div>\n\t\t\t\t<\/div>\n\t\t\t\t<\/div>\n\t\t<div class=\"elementor-element elementor-element-89d8b66 e-con-full e-flex e-con e-parent\" data-id=\"89d8b66\" data-element_type=\"container\" data-settings=\"{&quot;background_background&quot;:&quot;classic&quot;}\">\n\t\t\t\t<div class=\"elementor-element elementor-element-507d390 elementor-cta--skin-cover elementor-cta--valign-bottom elementor-widget__width-initial elementor-bg-transform elementor-bg-transform-zoom-in elementor-invisible elementor-widget elementor-widget-call-to-action\" data-id=\"507d390\" data-element_type=\"widget\" data-settings=\"{&quot;_animation&quot;:&quot;fadeInUp&quot;}\" data-widget_type=\"call-to-action.default\">\n\t\t\t\t<div class=\"elementor-widget-container\">\n\t\t\t<link rel=\"stylesheet\" href=\"https:\/\/atypicsphotography.com\/wp-content\/plugins\/elementor-pro\/assets\/css\/widget-call-to-action.min.css\">\t\t<a class=\"elementor-cta\" href=\"https:\/\/atypicsphotography.com\/index.php\/galerie-mariage\/\">\n\t\t\t\t\t<div class=\"elementor-cta__bg-wrapper\">\n\t\t\t\t<div class=\"elementor-cta__bg elementor-bg\" style=\"background-image: url(https:\/\/atypicsphotography.com\/wp-content\/uploads\/2024\/03\/IMG_1001-scaled.jpg);\" role=\"img\" aria-label=\"IMG_1001\"><\/div>\n\t\t\t\t<div class=\"elementor-cta__bg-overlay\"><\/div>\n\t\t\t<\/div>\n\t\t\t\t\t\t\t<div class=\"elementor-cta__content\">\n\t\t\t\t\n\t\t\t\t\t\t\t\t\t<span class=\"elementor-cta__title elementor-cta__content-item elementor-content-item\">\n\t\t\t\t\t\tTarif reportage <br>mariage\t\t\t\t\t<\/span>\n\t\t\t\t\n\t\t\t\t\n\t\t\t\t\t\t\t\t\t<div class=\"elementor-cta__button-wrapper elementor-cta__content-item elementor-content-item \">\n\t\t\t\t\t<span class=\"elementor-cta__button elementor-button elementor-size-\">\n\t\t\t\t\t\tJe d\u00e9couvre\t\t\t\t\t<\/span>\n\t\t\t\t\t<\/div>\n\t\t\t\t\t\t\t<\/div>\n\t\t\t\t\t\t<\/a>\n\t\t\t\t<\/div>\n\t\t\t\t<\/div>\n\t\t\t\t<div class=\"elementor-element elementor-element-dd42540 elementor-cta--skin-cover elementor-cta--valign-bottom elementor-widget__width-initial elementor-bg-transform elementor-bg-transform-zoom-in elementor-invisible elementor-widget elementor-widget-call-to-action\" data-id=\"dd42540\" data-element_type=\"widget\" data-settings=\"{&quot;_animation&quot;:&quot;fadeInUp&quot;}\" data-widget_type=\"call-to-action.default\">\n\t\t\t\t<div class=\"elementor-widget-container\">\n\t\t\t\t\t<div class=\"elementor-cta\">\n\t\t\t\t\t<div class=\"elementor-cta__bg-wrapper\">\n\t\t\t\t<div class=\"elementor-cta__bg elementor-bg\" style=\"background-image: url(https:\/\/atypicsphotography.com\/wp-content\/uploads\/2024\/03\/Lucien-13-scaled.jpg);\" role=\"img\" aria-label=\"Shooting portrait corporate - client prenant une tasse de caf\u00e9 dans un restaurant parisien\"><\/div>\n\t\t\t\t<div class=\"elementor-cta__bg-overlay\"><\/div>\n\t\t\t<\/div>\n\t\t\t\t\t\t\t<div class=\"elementor-cta__content\">\n\t\t\t\t\n\t\t\t\t\t\t\t\t\t<span class=\"elementor-cta__title elementor-cta__content-item elementor-content-item\">\n\t\t\t\t\t\tTarif shooting <br>solo & pro\t\t\t\t\t<\/span>\n\t\t\t\t\n\t\t\t\t\n\t\t\t\t\t\t\t\t\t<div class=\"elementor-cta__button-wrapper elementor-cta__content-item elementor-content-item \">\n\t\t\t\t\t<a class=\"elementor-cta__button elementor-button elementor-size-\" href=\"https:\/\/atypicsphotography.com\/index.php\/tarif-shooting-solo-et-pro\/\">\n\t\t\t\t\t\tJe d\u00e9couvre\t\t\t\t\t<\/a>\n\t\t\t\t\t<\/div>\n\t\t\t\t\t\t\t<\/div>\n\t\t\t\t\t\t<\/div>\n\t\t\t\t<\/div>\n\t\t\t\t<\/div>\n\t\t\t\t<div class=\"elementor-element elementor-element-476d70a elementor-cta--skin-cover elementor-cta--valign-bottom elementor-widget__width-initial elementor-bg-transform elementor-bg-transform-zoom-in elementor-invisible elementor-widget elementor-widget-call-to-action\" data-id=\"476d70a\" data-element_type=\"widget\" data-settings=\"{&quot;_animation&quot;:&quot;fadeInUp&quot;}\" data-widget_type=\"call-to-action.default\">\n\t\t\t\t<div class=\"elementor-widget-container\">\n\t\t\t\t\t<div class=\"elementor-cta\">\n\t\t\t\t\t<div class=\"elementor-cta__bg-wrapper\">\n\t\t\t\t<div class=\"elementor-cta__bg elementor-bg\" style=\"background-image: url(https:\/\/atypicsphotography.com\/wp-content\/uploads\/2024\/03\/Cedric-Aurore-36-scaled.jpg);\" role=\"img\" aria-label=\"Ce\u0301dric &amp; Aurore-36\"><\/div>\n\t\t\t\t<div class=\"elementor-cta__bg-overlay\"><\/div>\n\t\t\t<\/div>\n\t\t\t\t\t\t\t<div class=\"elementor-cta__content\">\n\t\t\t\t\n\t\t\t\t\t\t\t\t\t<span class=\"elementor-cta__title elementor-cta__content-item elementor-content-item\">\n\t\t\t\t\t\tTarif shooting <br>duo & famille\t\t\t\t\t<\/span>\n\t\t\t\t\n\t\t\t\t\n\t\t\t\t\t\t\t\t\t<div class=\"elementor-cta__button-wrapper elementor-cta__content-item elementor-content-item \">\n\t\t\t\t\t<a class=\"elementor-cta__button elementor-button elementor-size-\" href=\"https:\/\/atypicsphotography.com\/index.php\/tarif-shooting-duo-et-famille\/\">\n\t\t\t\t\t\tJe d\u00e9couvre\t\t\t\t\t<\/a>\n\t\t\t\t\t<\/div>\n\t\t\t\t\t\t\t<\/div>\n\t\t\t\t\t\t<\/div>\n\t\t\t\t<\/div>\n\t\t\t\t<\/div>\n\t\t\t\t<\/div>\n\t\t\t\t<\/div>\n\t\t","protected":false},"excerpt":{"rendered":"<p>HELLO ! Mon aventure photographique a d\u00e9but\u00e9 depuis 4 ans maintenant, et au cours de ces ann\u00e9es j&#8217;ai su d\u00e9velopper mon style et affirmer ma singularit\u00e9 dans chacun de mes clich\u00e9s. Pour moi, il ne s&#8217;agit pas simplement de faire de jolis clich\u00e9s, mais de vous mettre en lumi\u00e8re, vous permettre d&#8217;\u00eatre vous m\u00eame et [&hellip;]<\/p>\n","protected":false},"author":1,"featured_media":0,"parent":0,"menu_order":0,"comment_status":"closed","ping_status":"closed","template":"","meta":{"ocean_post_layout":"","ocean_both_sidebars_style":"","ocean_both_sidebars_content_width":0,"ocean_both_sidebars_sidebars_width":0,"ocean_sidebar":"","ocean_second_sidebar":"","ocean_disable_margins":"enable","ocean_add_body_class":"","ocean_shortcode_before_top_bar":"","ocean_shortcode_after_top_bar":"","ocean_shortcode_before_header":"","ocean_shortcode_after_header":"","ocean_has_shortcode":"","ocean_shortcode_after_title":"","ocean_shortcode_before_footer_widgets":"","ocean_shortcode_after_footer_widgets":"","ocean_shortcode_before_footer_bottom":"","ocean_shortcode_after_footer_bottom":"","ocean_display_top_bar":"default","ocean_display_header":"default","ocean_header_style":"","ocean_center_header_left_menu":"","ocean_custom_header_template":"","ocean_custom_logo":0,"ocean_custom_retina_logo":0,"ocean_custom_logo_max_width":0,"ocean_custom_logo_tablet_max_width":0,"ocean_custom_logo_mobile_max_width":0,"ocean_custom_logo_max_height":0,"ocean_custom_logo_tablet_max_height":0,"ocean_custom_logo_mobile_max_height":0,"ocean_header_custom_menu":"","ocean_menu_typo_font_family":"","ocean_menu_typo_font_subset":"","ocean_menu_typo_font_size":0,"ocean_menu_typo_font_size_tablet":0,"ocean_menu_typo_font_size_mobile":0,"ocean_menu_typo_font_size_unit":"px","ocean_menu_typo_font_weight":"","ocean_menu_typo_font_weight_tablet":"","ocean_menu_typo_font_weight_mobile":"","ocean_menu_typo_transform":"","ocean_menu_typo_transform_tablet":"","ocean_menu_typo_transform_mobile":"","ocean_menu_typo_line_height":0,"ocean_menu_typo_line_height_tablet":0,"ocean_menu_typo_line_height_mobile":0,"ocean_menu_typo_line_height_unit":"","ocean_menu_typo_spacing":0,"ocean_menu_typo_spacing_tablet":0,"ocean_menu_typo_spacing_mobile":0,"ocean_menu_typo_spacing_unit":"","ocean_menu_link_color":"","ocean_menu_link_color_hover":"","ocean_menu_link_color_active":"","ocean_menu_link_background":"","ocean_menu_link_hover_background":"","ocean_menu_link_active_background":"","ocean_menu_social_links_bg":"","ocean_menu_social_hover_links_bg":"","ocean_menu_social_links_color":"","ocean_menu_social_hover_links_color":"","ocean_disable_title":"default","ocean_disable_heading":"default","ocean_post_title":"","ocean_post_subheading":"","ocean_post_title_style":"","ocean_post_title_background_color":"","ocean_post_title_background":0,"ocean_post_title_bg_image_position":"","ocean_post_title_bg_image_attachment":"","ocean_post_title_bg_image_repeat":"","ocean_post_title_bg_image_size":"","ocean_post_title_height":0,"ocean_post_title_bg_overlay":0.5,"ocean_post_title_bg_overlay_color":"","ocean_disable_breadcrumbs":"default","ocean_breadcrumbs_color":"","ocean_breadcrumbs_separator_color":"","ocean_breadcrumbs_links_color":"","ocean_breadcrumbs_links_hover_color":"","ocean_display_footer_widgets":"default","ocean_display_footer_bottom":"default","ocean_custom_footer_template":"","footnotes":""},"yoast_head":"<!-- This site is optimized with the Yoast SEO plugin v22.8 - https:\/\/yoast.com\/wordpress\/plugins\/seo\/ -->\n<title>A propos - atypics photography<\/title>\n<meta name=\"description\" content=\"D\u00e9couvrez Atypics Photography, bas\u00e9 \u00e0 Paris et actif en \u00cele-de-France. Passionn\u00e9 par la capture de moments uniques pour couples, portraits, corporate et mariages. En savoir plus sur notre approche artistique.\" \/>\n<meta name=\"robots\" content=\"index, follow, max-snippet:-1, max-image-preview:large, max-video-preview:-1\" \/>\n<link rel=\"canonical\" href=\"https:\/\/atypicsphotography.com\/index.php\/a-propos\/\" \/>\n<meta property=\"og:locale\" content=\"en_US\" \/>\n<meta property=\"og:type\" content=\"article\" \/>\n<meta property=\"og:title\" content=\"A propos - atypics photography\" \/>\n<meta property=\"og:description\" content=\"D\u00e9couvrez Atypics Photography, bas\u00e9 \u00e0 Paris et actif en \u00cele-de-France. Passionn\u00e9 par la capture de moments uniques pour couples, portraits, corporate et mariages. En savoir plus sur notre approche artistique.\" \/>\n<meta property=\"og:url\" content=\"https:\/\/atypicsphotography.com\/index.php\/a-propos\/\" \/>\n<meta property=\"og:site_name\" content=\"atypics photography\" \/>\n<meta property=\"article:modified_time\" content=\"2024-06-12T16:58:25+00:00\" \/>\n<meta property=\"og:image\" content=\"https:\/\/atypicsphotography.com\/wp-content\/uploads\/2024\/03\/48AEAC9B-D42F-4AE7-9301-3BF45396920F-scaled.jpg\" \/>\n<meta name=\"twitter:card\" content=\"summary_large_image\" \/>\n<meta name=\"twitter:label1\" content=\"Est. reading time\" \/>\n\t<meta name=\"twitter:data1\" content=\"1 minute\" \/>\n<script type=\"application\/ld+json\" class=\"yoast-schema-graph\">{\"@context\":\"https:\/\/schema.org\",\"@graph\":[{\"@type\":\"WebPage\",\"@id\":\"https:\/\/atypicsphotography.com\/index.php\/a-propos\/\",\"url\":\"https:\/\/atypicsphotography.com\/index.php\/a-propos\/\",\"name\":\"A propos - atypics photography\",\"isPartOf\":{\"@id\":\"https:\/\/atypicsphotography.com\/#website\"},\"primaryImageOfPage\":{\"@id\":\"https:\/\/atypicsphotography.com\/index.php\/a-propos\/#primaryimage\"},\"image\":{\"@id\":\"https:\/\/atypicsphotography.com\/index.php\/a-propos\/#primaryimage\"},\"thumbnailUrl\":\"https:\/\/atypicsphotography.com\/wp-content\/uploads\/2024\/03\/48AEAC9B-D42F-4AE7-9301-3BF45396920F-scaled.jpg\",\"datePublished\":\"2024-03-24T14:45:32+00:00\",\"dateModified\":\"2024-06-12T16:58:25+00:00\",\"description\":\"D\u00e9couvrez Atypics Photography, bas\u00e9 \u00e0 Paris et actif en \u00cele-de-France. Passionn\u00e9 par la capture de moments uniques pour couples, portraits, corporate et mariages. En savoir plus sur notre approche artistique.\",\"breadcrumb\":{\"@id\":\"https:\/\/atypicsphotography.com\/index.php\/a-propos\/#breadcrumb\"},\"inLanguage\":\"en-US\",\"potentialAction\":[{\"@type\":\"ReadAction\",\"target\":[\"https:\/\/atypicsphotography.com\/index.php\/a-propos\/\"]}]},{\"@type\":\"ImageObject\",\"inLanguage\":\"en-US\",\"@id\":\"https:\/\/atypicsphotography.com\/index.php\/a-propos\/#primaryimage\",\"url\":\"https:\/\/atypicsphotography.com\/wp-content\/uploads\/2024\/03\/48AEAC9B-D42F-4AE7-9301-3BF45396920F-scaled.jpg\",\"contentUrl\":\"https:\/\/atypicsphotography.com\/wp-content\/uploads\/2024\/03\/48AEAC9B-D42F-4AE7-9301-3BF45396920F-scaled.jpg\",\"width\":2560,\"height\":2008},{\"@type\":\"BreadcrumbList\",\"@id\":\"https:\/\/atypicsphotography.com\/index.php\/a-propos\/#breadcrumb\",\"itemListElement\":[{\"@type\":\"ListItem\",\"position\":1,\"name\":\"Accueil\",\"item\":\"https:\/\/atypicsphotography.com\/\"},{\"@type\":\"ListItem\",\"position\":2,\"name\":\"A propos\"}]},{\"@type\":\"WebSite\",\"@id\":\"https:\/\/atypicsphotography.com\/#website\",\"url\":\"https:\/\/atypicsphotography.com\/\",\"name\":\"atypics photography\",\"description\":\"\",\"publisher\":{\"@id\":\"https:\/\/atypicsphotography.com\/#organization\"},\"potentialAction\":[{\"@type\":\"SearchAction\",\"target\":{\"@type\":\"EntryPoint\",\"urlTemplate\":\"https:\/\/atypicsphotography.com\/?s={search_term_string}\"},\"query-input\":\"required name=search_term_string\"}],\"inLanguage\":\"en-US\"},{\"@type\":\"Organization\",\"@id\":\"https:\/\/atypicsphotography.com\/#organization\",\"name\":\"Atypics photography\",\"url\":\"https:\/\/atypicsphotography.com\/\",\"logo\":{\"@type\":\"ImageObject\",\"inLanguage\":\"en-US\",\"@id\":\"https:\/\/atypicsphotography.com\/#\/schema\/logo\/image\/\",\"url\":\"https:\/\/atypicsphotography.com\/wp-content\/uploads\/2024\/03\/cropped-Logo-Atypics-Photographie-1-1.png\",\"contentUrl\":\"https:\/\/atypicsphotography.com\/wp-content\/uploads\/2024\/03\/cropped-Logo-Atypics-Photographie-1-1.png\",\"width\":500,\"height\":137,\"caption\":\"Atypics photography\"},\"image\":{\"@id\":\"https:\/\/atypicsphotography.com\/#\/schema\/logo\/image\/\"},\"sameAs\":[\"https:\/\/www.instagram.com\/atypics_photography\/\"]}]}<\/script>\n<!-- \/ Yoast SEO plugin. -->","yoast_head_json":{"title":"A propos - atypics photography","description":"D\u00e9couvrez Atypics Photography, bas\u00e9 \u00e0 Paris et actif en \u00cele-de-France. Passionn\u00e9 par la capture de moments uniques pour couples, portraits, corporate et mariages. En savoir plus sur notre approche artistique.","robots":{"index":"index","follow":"follow","max-snippet":"max-snippet:-1","max-image-preview":"max-image-preview:large","max-video-preview":"max-video-preview:-1"},"canonical":"https:\/\/atypicsphotography.com\/index.php\/a-propos\/","og_locale":"en_US","og_type":"article","og_title":"A propos - atypics photography","og_description":"D\u00e9couvrez Atypics Photography, bas\u00e9 \u00e0 Paris et actif en \u00cele-de-France. Passionn\u00e9 par la capture de moments uniques pour couples, portraits, corporate et mariages. En savoir plus sur notre approche artistique.","og_url":"https:\/\/atypicsphotography.com\/index.php\/a-propos\/","og_site_name":"atypics photography","article_modified_time":"2024-06-12T16:58:25+00:00","og_image":[{"url":"https:\/\/atypicsphotography.com\/wp-content\/uploads\/2024\/03\/48AEAC9B-D42F-4AE7-9301-3BF45396920F-scaled.jpg"}],"twitter_card":"summary_large_image","twitter_misc":{"Est. reading time":"1 minute"},"schema":{"@context":"https:\/\/schema.org","@graph":[{"@type":"WebPage","@id":"https:\/\/atypicsphotography.com\/index.php\/a-propos\/","url":"https:\/\/atypicsphotography.com\/index.php\/a-propos\/","name":"A propos - atypics photography","isPartOf":{"@id":"https:\/\/atypicsphotography.com\/#website"},"primaryImageOfPage":{"@id":"https:\/\/atypicsphotography.com\/index.php\/a-propos\/#primaryimage"},"image":{"@id":"https:\/\/atypicsphotography.com\/index.php\/a-propos\/#primaryimage"},"thumbnailUrl":"https:\/\/atypicsphotography.com\/wp-content\/uploads\/2024\/03\/48AEAC9B-D42F-4AE7-9301-3BF45396920F-scaled.jpg","datePublished":"2024-03-24T14:45:32+00:00","dateModified":"2024-06-12T16:58:25+00:00","description":"D\u00e9couvrez Atypics Photography, bas\u00e9 \u00e0 Paris et actif en \u00cele-de-France. Passionn\u00e9 par la capture de moments uniques pour couples, portraits, corporate et mariages. En savoir plus sur notre approche artistique.","breadcrumb":{"@id":"https:\/\/atypicsphotography.com\/index.php\/a-propos\/#breadcrumb"},"inLanguage":"en-US","potentialAction":[{"@type":"ReadAction","target":["https:\/\/atypicsphotography.com\/index.php\/a-propos\/"]}]},{"@type":"ImageObject","inLanguage":"en-US","@id":"https:\/\/atypicsphotography.com\/index.php\/a-propos\/#primaryimage","url":"https:\/\/atypicsphotography.com\/wp-content\/uploads\/2024\/03\/48AEAC9B-D42F-4AE7-9301-3BF45396920F-scaled.jpg","contentUrl":"https:\/\/atypicsphotography.com\/wp-content\/uploads\/2024\/03\/48AEAC9B-D42F-4AE7-9301-3BF45396920F-scaled.jpg","width":2560,"height":2008},{"@type":"BreadcrumbList","@id":"https:\/\/atypicsphotography.com\/index.php\/a-propos\/#breadcrumb","itemListElement":[{"@type":"ListItem","position":1,"name":"Accueil","item":"https:\/\/atypicsphotography.com\/"},{"@type":"ListItem","position":2,"name":"A propos"}]},{"@type":"WebSite","@id":"https:\/\/atypicsphotography.com\/#website","url":"https:\/\/atypicsphotography.com\/","name":"atypics photography","description":"","publisher":{"@id":"https:\/\/atypicsphotography.com\/#organization"},"potentialAction":[{"@type":"SearchAction","target":{"@type":"EntryPoint","urlTemplate":"https:\/\/atypicsphotography.com\/?s={search_term_string}"},"query-input":"required name=search_term_string"}],"inLanguage":"en-US"},{"@type":"Organization","@id":"https:\/\/atypicsphotography.com\/#organization","name":"Atypics photography","url":"https:\/\/atypicsphotography.com\/","logo":{"@type":"ImageObject","inLanguage":"en-US","@id":"https:\/\/atypicsphotography.com\/#\/schema\/logo\/image\/","url":"https:\/\/atypicsphotography.com\/wp-content\/uploads\/2024\/03\/cropped-Logo-Atypics-Photographie-1-1.png","contentUrl":"https:\/\/atypicsphotography.com\/wp-content\/uploads\/2024\/03\/cropped-Logo-Atypics-Photographie-1-1.png","width":500,"height":137,"caption":"Atypics photography"},"image":{"@id":"https:\/\/atypicsphotography.com\/#\/schema\/logo\/image\/"},"sameAs":["https:\/\/www.instagram.com\/atypics_photography\/"]}]}},"_links":{"self":[{"href":"https:\/\/atypicsphotography.com\/index.php\/wp-json\/wp\/v2\/pages\/344"}],"collection":[{"href":"https:\/\/atypicsphotography.com\/index.php\/wp-json\/wp\/v2\/pages"}],"about":[{"href":"https:\/\/atypicsphotography.com\/index.php\/wp-json\/wp\/v2\/types\/page"}],"author":[{"embeddable":true,"href":"https:\/\/atypicsphotography.com\/index.php\/wp-json\/wp\/v2\/users\/1"}],"replies":[{"embeddable":true,"href":"https:\/\/atypicsphotography.com\/index.php\/wp-json\/wp\/v2\/comments?post=344"}],"version-history":[{"count":286,"href":"https:\/\/atypicsphotography.com\/index.php\/wp-json\/wp\/v2\/pages\/344\/revisions"}],"predecessor-version":[{"id":1775,"href":"https:\/\/atypicsphotography.com\/index.php\/wp-json\/wp\/v2\/pages\/344\/revisions\/1775"}],"wp:attachment":[{"href":"https:\/\/atypicsphotography.com\/index.php\/wp-json\/wp\/v2\/media?parent=344"}],"curies":[{"name":"wp","href":"https:\/\/api.w.org\/{rel}","templated":true}]}}