{"id":338,"date":"2024-03-24T15:33:31","date_gmt":"2024-03-24T14:33:31","guid":{"rendered":"https:\/\/atypicsphotography.com\/?page_id=338"},"modified":"2024-06-12T18:20:33","modified_gmt":"2024-06-12T16:20:33","slug":"projets","status":"publish","type":"page","link":"https:\/\/atypicsphotography.com\/index.php\/projets\/","title":{"rendered":"Projets"},"content":{"rendered":"\t\t<div data-elementor-type=\"wp-page\" data-elementor-id=\"338\" class=\"elementor elementor-338\" data-elementor-post-type=\"page\">\n\t\t\t\t<div class=\"elementor-element elementor-element-fd70d06 e-con-full e-flex e-con e-parent\" data-id=\"fd70d06\" data-element_type=\"container\" data-settings=\"{&quot;background_background&quot;:&quot;classic&quot;}\">\n\t\t<div class=\"elementor-element elementor-element-17877ab e-con-full e-flex e-con e-child\" data-id=\"17877ab\" data-element_type=\"container\">\n\t\t\t\t<div class=\"elementor-element elementor-element-9eabfae elementor-widget elementor-widget-heading\" data-id=\"9eabfae\" data-element_type=\"widget\" data-widget_type=\"heading.default\">\n\t\t\t\t<div class=\"elementor-widget-container\">\n\t\t\t<style>\/*! elementor - v3.22.0 - 17-06-2024 *\/\n.elementor-heading-title{padding:0;margin:0;line-height:1}.elementor-widget-heading .elementor-heading-title[class*=elementor-size-]>a{color:inherit;font-size:inherit;line-height:inherit}.elementor-widget-heading .elementor-heading-title.elementor-size-small{font-size:15px}.elementor-widget-heading .elementor-heading-title.elementor-size-medium{font-size:19px}.elementor-widget-heading .elementor-heading-title.elementor-size-large{font-size:29px}.elementor-widget-heading .elementor-heading-title.elementor-size-xl{font-size:39px}.elementor-widget-heading .elementor-heading-title.elementor-size-xxl{font-size:59px}<\/style><h2 class=\"elementor-heading-title elementor-size-default\">D\u00e9couvrez Mes projets<\/h2>\t\t<\/div>\n\t\t\t\t<\/div>\n\t\t\t\t<div class=\"elementor-element elementor-element-231b575 elementor-widget elementor-widget-text-editor\" data-id=\"231b575\" data-element_type=\"widget\" data-widget_type=\"text-editor.default\">\n\t\t\t\t<div class=\"elementor-widget-container\">\n\t\t\t<style>\/*! elementor - v3.22.0 - 17-06-2024 *\/\n.elementor-widget-text-editor.elementor-drop-cap-view-stacked .elementor-drop-cap{background-color:#69727d;color:#fff}.elementor-widget-text-editor.elementor-drop-cap-view-framed .elementor-drop-cap{color:#69727d;border:3px solid;background-color:transparent}.elementor-widget-text-editor:not(.elementor-drop-cap-view-default) .elementor-drop-cap{margin-top:8px}.elementor-widget-text-editor:not(.elementor-drop-cap-view-default) .elementor-drop-cap-letter{width:1em;height:1em}.elementor-widget-text-editor .elementor-drop-cap{float:left;text-align:center;line-height:1;font-size:50px}.elementor-widget-text-editor .elementor-drop-cap-letter{display:inline-block}<\/style>\t\t\t\t<p>Vous pouvez d\u00e9couvrir les photographies r\u00e9alis\u00e9es dans le cadre de mes projets professionnels en cliquant sur les photos ci-dessous.<\/p>\t\t\t\t\t\t<\/div>\n\t\t\t\t<\/div>\n\t\t\t\t<\/div>\n\t\t\t\t<\/div>\n\t\t<div class=\"elementor-element elementor-element-6a8c9ac3 e-con-full e-flex e-con e-parent\" data-id=\"6a8c9ac3\" data-element_type=\"container\">\n\t\t\t\t<div class=\"elementor-element elementor-element-7ba93568 elementor-grid-2 elementor-grid-tablet-2 elementor-grid-mobile-1 elementor-widget elementor-widget-portfolio\" data-id=\"7ba93568\" data-element_type=\"widget\" data-settings=\"{&quot;columns&quot;:&quot;2&quot;,&quot;item_ratio&quot;:{&quot;unit&quot;:&quot;px&quot;,&quot;size&quot;:1.11,&quot;sizes&quot;:[]},&quot;row_gap&quot;:{&quot;unit&quot;:&quot;px&quot;,&quot;size&quot;:20,&quot;sizes&quot;:[]},&quot;columns_tablet&quot;:&quot;2&quot;,&quot;columns_mobile&quot;:&quot;1&quot;,&quot;item_gap&quot;:{&quot;unit&quot;:&quot;px&quot;,&quot;size&quot;:&quot;&quot;,&quot;sizes&quot;:[]}}\" data-widget_type=\"portfolio.default\">\n\t\t\t\t<div class=\"elementor-widget-container\">\n\t\t\t<link rel=\"stylesheet\" href=\"https:\/\/atypicsphotography.com\/wp-content\/plugins\/elementor-pro\/assets\/css\/widget-posts.min.css\">\t\t<div class=\"elementor-portfolio elementor-grid elementor-posts-container\">\n\t\t\t\t<article class=\"elementor-portfolio-item elementor-post  post-2084 page type-page status-publish has-post-thumbnail hentry entry has-media\">\n\t\t\t<a class=\"elementor-post__thumbnail__link\" href=\"https:\/\/atypicsphotography.com\/index.php\/black-royalty\/\">\n\t\t\t\t<div class=\"elementor-portfolio-item__img elementor-post__thumbnail\">\n\t\t\t<img fetchpriority=\"high\" decoding=\"async\" width=\"1780\" height=\"2560\" src=\"https:\/\/atypicsphotography.com\/wp-content\/uploads\/2024\/06\/portrait-projet-black-royalty-2.jpg\" class=\"attachment-full size-full wp-image-2240\" alt=\"Portrait femme africaine - Projet Black Royalty - Souveraine de S\u00e9r\u00e9nit\u00e9\" srcset=\"https:\/\/atypicsphotography.com\/wp-content\/uploads\/2024\/06\/portrait-projet-black-royalty-2.jpg 1780w, https:\/\/atypicsphotography.com\/wp-content\/uploads\/2024\/06\/portrait-projet-black-royalty-2-209x300.jpg 209w, https:\/\/atypicsphotography.com\/wp-content\/uploads\/2024\/06\/portrait-projet-black-royalty-2-712x1024.jpg 712w, https:\/\/atypicsphotography.com\/wp-content\/uploads\/2024\/06\/portrait-projet-black-royalty-2-768x1104.jpg 768w, https:\/\/atypicsphotography.com\/wp-content\/uploads\/2024\/06\/portrait-projet-black-royalty-2-1068x1536.jpg 1068w, https:\/\/atypicsphotography.com\/wp-content\/uploads\/2024\/06\/portrait-projet-black-royalty-2-1424x2048.jpg 1424w\" sizes=\"(max-width: 1780px) 100vw, 1780px\" \/>\t\t<\/div>\n\t\t\t\t<div class=\"elementor-portfolio-item__overlay\">\n\t\t\t\t<h2 class=\"elementor-portfolio-item__title\">\n\t\tBlack Royalty\t\t<\/h2>\n\t\t\t\t<\/div>\n\t\t\t\t<\/a>\n\t\t<\/article>\n\t\t\t\t<article class=\"elementor-portfolio-item elementor-post  post-2090 page type-page status-publish has-post-thumbnail hentry entry has-media\">\n\t\t\t<a class=\"elementor-post__thumbnail__link\" href=\"https:\/\/atypicsphotography.com\/index.php\/regard-nomade-3\/\">\n\t\t\t\t<div class=\"elementor-portfolio-item__img elementor-post__thumbnail\">\n\t\t\t<img decoding=\"async\" width=\"1706\" height=\"2560\" src=\"https:\/\/atypicsphotography.com\/wp-content\/uploads\/2024\/03\/Accra-16-scaled.jpg\" class=\"attachment-full size-full wp-image-58\" alt=\"\" srcset=\"https:\/\/atypicsphotography.com\/wp-content\/uploads\/2024\/03\/Accra-16-scaled.jpg 1706w, https:\/\/atypicsphotography.com\/wp-content\/uploads\/2024\/03\/Accra-16-200x300.jpg 200w, https:\/\/atypicsphotography.com\/wp-content\/uploads\/2024\/03\/Accra-16-683x1024.jpg 683w, https:\/\/atypicsphotography.com\/wp-content\/uploads\/2024\/03\/Accra-16-768x1152.jpg 768w, https:\/\/atypicsphotography.com\/wp-content\/uploads\/2024\/03\/Accra-16-1024x1536.jpg 1024w, https:\/\/atypicsphotography.com\/wp-content\/uploads\/2024\/03\/Accra-16-1365x2048.jpg 1365w\" sizes=\"(max-width: 1706px) 100vw, 1706px\" \/>\t\t<\/div>\n\t\t\t\t<div class=\"elementor-portfolio-item__overlay\">\n\t\t\t\t<h2 class=\"elementor-portfolio-item__title\">\n\t\tRegard Nomade\t\t<\/h2>\n\t\t\t\t<\/div>\n\t\t\t\t<\/a>\n\t\t<\/article>\n\t\t\t\t<\/div>\n\t\t\t\t<\/div>\n\t\t\t\t<\/div>\n\t\t\t\t<\/div>\n\t\t\t\t<\/div>\n\t\t","protected":false},"excerpt":{"rendered":"<p>D\u00e9couvrez Mes projets Vous pouvez d\u00e9couvrir les photographies r\u00e9alis\u00e9es dans le cadre de mes projets professionnels en cliquant sur les photos ci-dessous.<\/p>\n","protected":false},"author":1,"featured_media":58,"parent":0,"menu_order":0,"comment_status":"closed","ping_status":"closed","template":"","meta":{"ocean_post_layout":"","ocean_both_sidebars_style":"","ocean_both_sidebars_content_width":0,"ocean_both_sidebars_sidebars_width":0,"ocean_sidebar":"","ocean_second_sidebar":"","ocean_disable_margins":"enable","ocean_add_body_class":"","ocean_shortcode_before_top_bar":"","ocean_shortcode_after_top_bar":"","ocean_shortcode_before_header":"","ocean_shortcode_after_header":"","ocean_has_shortcode":"","ocean_shortcode_after_title":"","ocean_shortcode_before_footer_widgets":"","ocean_shortcode_after_footer_widgets":"","ocean_shortcode_before_footer_bottom":"","ocean_shortcode_after_footer_bottom":"","ocean_display_top_bar":"default","ocean_display_header":"default","ocean_header_style":"","ocean_center_header_left_menu":"","ocean_custom_header_template":"","ocean_custom_logo":0,"ocean_custom_retina_logo":0,"ocean_custom_logo_max_width":0,"ocean_custom_logo_tablet_max_width":0,"ocean_custom_logo_mobile_max_width":0,"ocean_custom_logo_max_height":0,"ocean_custom_logo_tablet_max_height":0,"ocean_custom_logo_mobile_max_height":0,"ocean_header_custom_menu":"","ocean_menu_typo_font_family":"","ocean_menu_typo_font_subset":"","ocean_menu_typo_font_size":0,"ocean_menu_typo_font_size_tablet":0,"ocean_menu_typo_font_size_mobile":0,"ocean_menu_typo_font_size_unit":"px","ocean_menu_typo_font_weight":"","ocean_menu_typo_font_weight_tablet":"","ocean_menu_typo_font_weight_mobile":"","ocean_menu_typo_transform":"","ocean_menu_typo_transform_tablet":"","ocean_menu_typo_transform_mobile":"","ocean_menu_typo_line_height":0,"ocean_menu_typo_line_height_tablet":0,"ocean_menu_typo_line_height_mobile":0,"ocean_menu_typo_line_height_unit":"","ocean_menu_typo_spacing":0,"ocean_menu_typo_spacing_tablet":0,"ocean_menu_typo_spacing_mobile":0,"ocean_menu_typo_spacing_unit":"","ocean_menu_link_color":"","ocean_menu_link_color_hover":"","ocean_menu_link_color_active":"","ocean_menu_link_background":"","ocean_menu_link_hover_background":"","ocean_menu_link_active_background":"","ocean_menu_social_links_bg":"","ocean_menu_social_hover_links_bg":"","ocean_menu_social_links_color":"","ocean_menu_social_hover_links_color":"","ocean_disable_title":"default","ocean_disable_heading":"default","ocean_post_title":"","ocean_post_subheading":"","ocean_post_title_style":"","ocean_post_title_background_color":"","ocean_post_title_background":0,"ocean_post_title_bg_image_position":"","ocean_post_title_bg_image_attachment":"","ocean_post_title_bg_image_repeat":"","ocean_post_title_bg_image_size":"","ocean_post_title_height":0,"ocean_post_title_bg_overlay":0.5,"ocean_post_title_bg_overlay_color":"","ocean_disable_breadcrumbs":"default","ocean_breadcrumbs_color":"","ocean_breadcrumbs_separator_color":"","ocean_breadcrumbs_links_color":"","ocean_breadcrumbs_links_hover_color":"","ocean_display_footer_widgets":"default","ocean_display_footer_bottom":"default","ocean_custom_footer_template":"","footnotes":""},"yoast_head":"<!-- This site is optimized with the Yoast SEO plugin v22.8 - https:\/\/yoast.com\/wordpress\/plugins\/seo\/ -->\n<title>Projets - atypics photography<\/title>\n<meta name=\"robots\" content=\"index, follow, max-snippet:-1, max-image-preview:large, max-video-preview:-1\" \/>\n<link rel=\"canonical\" href=\"https:\/\/atypicsphotography.com\/index.php\/projets\/\" \/>\n<meta property=\"og:locale\" content=\"en_US\" \/>\n<meta property=\"og:type\" content=\"article\" \/>\n<meta property=\"og:title\" content=\"Projets - atypics photography\" \/>\n<meta property=\"og:description\" content=\"D\u00e9couvrez Mes projets Vous pouvez d\u00e9couvrir les photographies r\u00e9alis\u00e9es dans le cadre de mes projets professionnels en cliquant sur les photos ci-dessous.\" \/>\n<meta property=\"og:url\" content=\"https:\/\/atypicsphotography.com\/index.php\/projets\/\" \/>\n<meta property=\"og:site_name\" content=\"atypics photography\" \/>\n<meta property=\"article:modified_time\" content=\"2024-06-12T16:20:33+00:00\" \/>\n<meta property=\"og:image\" content=\"https:\/\/atypicsphotography.com\/wp-content\/uploads\/2024\/03\/Accra-16-scaled.jpg\" \/>\n\t<meta property=\"og:image:width\" content=\"1706\" \/>\n\t<meta property=\"og:image:height\" content=\"2560\" \/>\n\t<meta property=\"og:image:type\" content=\"image\/jpeg\" \/>\n<meta name=\"twitter:card\" content=\"summary_large_image\" \/>\n<script type=\"application\/ld+json\" class=\"yoast-schema-graph\">{\"@context\":\"https:\/\/schema.org\",\"@graph\":[{\"@type\":\"WebPage\",\"@id\":\"https:\/\/atypicsphotography.com\/index.php\/projets\/\",\"url\":\"https:\/\/atypicsphotography.com\/index.php\/projets\/\",\"name\":\"Projets - atypics photography\",\"isPartOf\":{\"@id\":\"https:\/\/atypicsphotography.com\/#website\"},\"primaryImageOfPage\":{\"@id\":\"https:\/\/atypicsphotography.com\/index.php\/projets\/#primaryimage\"},\"image\":{\"@id\":\"https:\/\/atypicsphotography.com\/index.php\/projets\/#primaryimage\"},\"thumbnailUrl\":\"https:\/\/atypicsphotography.com\/wp-content\/uploads\/2024\/03\/Accra-16-scaled.jpg\",\"datePublished\":\"2024-03-24T14:33:31+00:00\",\"dateModified\":\"2024-06-12T16:20:33+00:00\",\"breadcrumb\":{\"@id\":\"https:\/\/atypicsphotography.com\/index.php\/projets\/#breadcrumb\"},\"inLanguage\":\"en-US\",\"potentialAction\":[{\"@type\":\"ReadAction\",\"target\":[\"https:\/\/atypicsphotography.com\/index.php\/projets\/\"]}]},{\"@type\":\"ImageObject\",\"inLanguage\":\"en-US\",\"@id\":\"https:\/\/atypicsphotography.com\/index.php\/projets\/#primaryimage\",\"url\":\"https:\/\/atypicsphotography.com\/wp-content\/uploads\/2024\/03\/Accra-16-scaled.jpg\",\"contentUrl\":\"https:\/\/atypicsphotography.com\/wp-content\/uploads\/2024\/03\/Accra-16-scaled.jpg\",\"width\":1706,\"height\":2560},{\"@type\":\"BreadcrumbList\",\"@id\":\"https:\/\/atypicsphotography.com\/index.php\/projets\/#breadcrumb\",\"itemListElement\":[{\"@type\":\"ListItem\",\"position\":1,\"name\":\"Accueil\",\"item\":\"https:\/\/atypicsphotography.com\/\"},{\"@type\":\"ListItem\",\"position\":2,\"name\":\"Projets\"}]},{\"@type\":\"WebSite\",\"@id\":\"https:\/\/atypicsphotography.com\/#website\",\"url\":\"https:\/\/atypicsphotography.com\/\",\"name\":\"atypics photography\",\"description\":\"\",\"publisher\":{\"@id\":\"https:\/\/atypicsphotography.com\/#organization\"},\"potentialAction\":[{\"@type\":\"SearchAction\",\"target\":{\"@type\":\"EntryPoint\",\"urlTemplate\":\"https:\/\/atypicsphotography.com\/?s={search_term_string}\"},\"query-input\":\"required name=search_term_string\"}],\"inLanguage\":\"en-US\"},{\"@type\":\"Organization\",\"@id\":\"https:\/\/atypicsphotography.com\/#organization\",\"name\":\"Atypics photography\",\"url\":\"https:\/\/atypicsphotography.com\/\",\"logo\":{\"@type\":\"ImageObject\",\"inLanguage\":\"en-US\",\"@id\":\"https:\/\/atypicsphotography.com\/#\/schema\/logo\/image\/\",\"url\":\"https:\/\/atypicsphotography.com\/wp-content\/uploads\/2024\/03\/cropped-Logo-Atypics-Photographie-1-1.png\",\"contentUrl\":\"https:\/\/atypicsphotography.com\/wp-content\/uploads\/2024\/03\/cropped-Logo-Atypics-Photographie-1-1.png\",\"width\":500,\"height\":137,\"caption\":\"Atypics photography\"},\"image\":{\"@id\":\"https:\/\/atypicsphotography.com\/#\/schema\/logo\/image\/\"},\"sameAs\":[\"https:\/\/www.instagram.com\/atypics_photography\/\"]}]}<\/script>\n<!-- \/ Yoast SEO plugin. -->","yoast_head_json":{"title":"Projets - atypics photography","robots":{"index":"index","follow":"follow","max-snippet":"max-snippet:-1","max-image-preview":"max-image-preview:large","max-video-preview":"max-video-preview:-1"},"canonical":"https:\/\/atypicsphotography.com\/index.php\/projets\/","og_locale":"en_US","og_type":"article","og_title":"Projets - atypics photography","og_description":"D\u00e9couvrez Mes projets Vous pouvez d\u00e9couvrir les photographies r\u00e9alis\u00e9es dans le cadre de mes projets professionnels en cliquant sur les photos ci-dessous.","og_url":"https:\/\/atypicsphotography.com\/index.php\/projets\/","og_site_name":"atypics photography","article_modified_time":"2024-06-12T16:20:33+00:00","og_image":[{"width":1706,"height":2560,"url":"https:\/\/atypicsphotography.com\/wp-content\/uploads\/2024\/03\/Accra-16-scaled.jpg","type":"image\/jpeg"}],"twitter_card":"summary_large_image","schema":{"@context":"https:\/\/schema.org","@graph":[{"@type":"WebPage","@id":"https:\/\/atypicsphotography.com\/index.php\/projets\/","url":"https:\/\/atypicsphotography.com\/index.php\/projets\/","name":"Projets - atypics photography","isPartOf":{"@id":"https:\/\/atypicsphotography.com\/#website"},"primaryImageOfPage":{"@id":"https:\/\/atypicsphotography.com\/index.php\/projets\/#primaryimage"},"image":{"@id":"https:\/\/atypicsphotography.com\/index.php\/projets\/#primaryimage"},"thumbnailUrl":"https:\/\/atypicsphotography.com\/wp-content\/uploads\/2024\/03\/Accra-16-scaled.jpg","datePublished":"2024-03-24T14:33:31+00:00","dateModified":"2024-06-12T16:20:33+00:00","breadcrumb":{"@id":"https:\/\/atypicsphotography.com\/index.php\/projets\/#breadcrumb"},"inLanguage":"en-US","potentialAction":[{"@type":"ReadAction","target":["https:\/\/atypicsphotography.com\/index.php\/projets\/"]}]},{"@type":"ImageObject","inLanguage":"en-US","@id":"https:\/\/atypicsphotography.com\/index.php\/projets\/#primaryimage","url":"https:\/\/atypicsphotography.com\/wp-content\/uploads\/2024\/03\/Accra-16-scaled.jpg","contentUrl":"https:\/\/atypicsphotography.com\/wp-content\/uploads\/2024\/03\/Accra-16-scaled.jpg","width":1706,"height":2560},{"@type":"BreadcrumbList","@id":"https:\/\/atypicsphotography.com\/index.php\/projets\/#breadcrumb","itemListElement":[{"@type":"ListItem","position":1,"name":"Accueil","item":"https:\/\/atypicsphotography.com\/"},{"@type":"ListItem","position":2,"name":"Projets"}]},{"@type":"WebSite","@id":"https:\/\/atypicsphotography.com\/#website","url":"https:\/\/atypicsphotography.com\/","name":"atypics photography","description":"","publisher":{"@id":"https:\/\/atypicsphotography.com\/#organization"},"potentialAction":[{"@type":"SearchAction","target":{"@type":"EntryPoint","urlTemplate":"https:\/\/atypicsphotography.com\/?s={search_term_string}"},"query-input":"required name=search_term_string"}],"inLanguage":"en-US"},{"@type":"Organization","@id":"https:\/\/atypicsphotography.com\/#organization","name":"Atypics photography","url":"https:\/\/atypicsphotography.com\/","logo":{"@type":"ImageObject","inLanguage":"en-US","@id":"https:\/\/atypicsphotography.com\/#\/schema\/logo\/image\/","url":"https:\/\/atypicsphotography.com\/wp-content\/uploads\/2024\/03\/cropped-Logo-Atypics-Photographie-1-1.png","contentUrl":"https:\/\/atypicsphotography.com\/wp-content\/uploads\/2024\/03\/cropped-Logo-Atypics-Photographie-1-1.png","width":500,"height":137,"caption":"Atypics photography"},"image":{"@id":"https:\/\/atypicsphotography.com\/#\/schema\/logo\/image\/"},"sameAs":["https:\/\/www.instagram.com\/atypics_photography\/"]}]}},"_links":{"self":[{"href":"https:\/\/atypicsphotography.com\/index.php\/wp-json\/wp\/v2\/pages\/338"}],"collection":[{"href":"https:\/\/atypicsphotography.com\/index.php\/wp-json\/wp\/v2\/pages"}],"about":[{"href":"https:\/\/atypicsphotography.com\/index.php\/wp-json\/wp\/v2\/types\/page"}],"author":[{"embeddable":true,"href":"https:\/\/atypicsphotography.com\/index.php\/wp-json\/wp\/v2\/users\/1"}],"replies":[{"embeddable":true,"href":"https:\/\/atypicsphotography.com\/index.php\/wp-json\/wp\/v2\/comments?post=338"}],"version-history":[{"count":19,"href":"https:\/\/atypicsphotography.com\/index.php\/wp-json\/wp\/v2\/pages\/338\/revisions"}],"predecessor-version":[{"id":2295,"href":"https:\/\/atypicsphotography.com\/index.php\/wp-json\/wp\/v2\/pages\/338\/revisions\/2295"}],"wp:featuredmedia":[{"embeddable":true,"href":"https:\/\/atypicsphotography.com\/index.php\/wp-json\/wp\/v2\/media\/58"}],"wp:attachment":[{"href":"https:\/\/atypicsphotography.com\/index.php\/wp-json\/wp\/v2\/media?parent=338"}],"curies":[{"name":"wp","href":"https:\/\/api.w.org\/{rel}","templated":true}]}}