{"id":334,"date":"2024-03-24T15:32:40","date_gmt":"2024-03-24T14:32:40","guid":{"rendered":"https:\/\/atypicsphotography.com\/?page_id=334"},"modified":"2024-06-24T00:49:16","modified_gmt":"2024-06-23T22:49:16","slug":"services","status":"publish","type":"page","link":"https:\/\/atypicsphotography.com\/index.php\/services\/","title":{"rendered":"Tarifs"},"content":{"rendered":"\t\t<div data-elementor-type=\"wp-page\" data-elementor-id=\"334\" class=\"elementor elementor-334\" data-elementor-post-type=\"page\">\n\t\t\t\t<div class=\"elementor-element elementor-element-b341f59 e-con-full e-flex e-con e-parent\" data-id=\"b341f59\" data-element_type=\"container\" data-settings=\"{&quot;background_background&quot;:&quot;classic&quot;}\">\n\t\t<div class=\"elementor-element elementor-element-f332db7 e-con-full e-flex e-con e-child\" data-id=\"f332db7\" data-element_type=\"container\">\n\t\t\t\t<div class=\"elementor-element elementor-element-4c7b961 elementor-widget elementor-widget-heading\" data-id=\"4c7b961\" data-element_type=\"widget\" data-widget_type=\"heading.default\">\n\t\t\t\t<div class=\"elementor-widget-container\">\n\t\t\t<style>\/*! elementor - v3.22.0 - 17-06-2024 *\/\n.elementor-heading-title{padding:0;margin:0;line-height:1}.elementor-widget-heading .elementor-heading-title[class*=elementor-size-]>a{color:inherit;font-size:inherit;line-height:inherit}.elementor-widget-heading .elementor-heading-title.elementor-size-small{font-size:15px}.elementor-widget-heading .elementor-heading-title.elementor-size-medium{font-size:19px}.elementor-widget-heading .elementor-heading-title.elementor-size-large{font-size:29px}.elementor-widget-heading .elementor-heading-title.elementor-size-xl{font-size:39px}.elementor-widget-heading .elementor-heading-title.elementor-size-xxl{font-size:59px}<\/style><h2 class=\"elementor-heading-title elementor-size-default\">D\u00e9couvrez nos services<\/h2>\t\t<\/div>\n\t\t\t\t<\/div>\n\t\t\t\t<div class=\"elementor-element elementor-element-d11f48d elementor-widget elementor-widget-text-editor\" data-id=\"d11f48d\" data-element_type=\"widget\" data-widget_type=\"text-editor.default\">\n\t\t\t\t<div class=\"elementor-widget-container\">\n\t\t\t<style>\/*! elementor - v3.22.0 - 17-06-2024 *\/\n.elementor-widget-text-editor.elementor-drop-cap-view-stacked .elementor-drop-cap{background-color:#69727d;color:#fff}.elementor-widget-text-editor.elementor-drop-cap-view-framed .elementor-drop-cap{color:#69727d;border:3px solid;background-color:transparent}.elementor-widget-text-editor:not(.elementor-drop-cap-view-default) .elementor-drop-cap{margin-top:8px}.elementor-widget-text-editor:not(.elementor-drop-cap-view-default) .elementor-drop-cap-letter{width:1em;height:1em}.elementor-widget-text-editor .elementor-drop-cap{float:left;text-align:center;line-height:1;font-size:50px}.elementor-widget-text-editor .elementor-drop-cap-letter{display:inline-block}<\/style>\t\t\t\t<p>Mariage, \u00e9v\u00e9nement, shooting solo ou en duo&#8230; Nous r\u00e9pondons \u00e0 toutes vos envies et rendons vos moments inobliables !<\/p>\t\t\t\t\t\t<\/div>\n\t\t\t\t<\/div>\n\t\t\t\t<\/div>\n\t\t\t\t<\/div>\n\t\t<div class=\"elementor-element elementor-element-1c5d632 e-con-full e-flex e-con e-parent\" data-id=\"1c5d632\" data-element_type=\"container\" data-settings=\"{&quot;background_background&quot;:&quot;classic&quot;}\">\n\t\t\t\t<div class=\"elementor-element elementor-element-b4c12af elementor-cta--skin-cover elementor-cta--valign-bottom elementor-widget__width-initial elementor-bg-transform elementor-bg-transform-zoom-in elementor-invisible elementor-widget elementor-widget-call-to-action\" data-id=\"b4c12af\" data-element_type=\"widget\" data-settings=\"{&quot;_animation&quot;:&quot;fadeInUp&quot;}\" data-widget_type=\"call-to-action.default\">\n\t\t\t\t<div class=\"elementor-widget-container\">\n\t\t\t<link rel=\"stylesheet\" href=\"https:\/\/atypicsphotography.com\/wp-content\/plugins\/elementor-pro\/assets\/css\/widget-call-to-action.min.css\">\t\t<a class=\"elementor-cta\" href=\"https:\/\/atypicsphotography.com\/index.php\/tarifs-mariage\/\">\n\t\t\t\t\t<div class=\"elementor-cta__bg-wrapper\">\n\t\t\t\t<div class=\"elementor-cta__bg elementor-bg\" style=\"background-image: url(https:\/\/atypicsphotography.com\/wp-content\/uploads\/2024\/03\/IMG_1001-scaled.jpg);\" role=\"img\" aria-label=\"IMG_1001\"><\/div>\n\t\t\t\t<div class=\"elementor-cta__bg-overlay\"><\/div>\n\t\t\t<\/div>\n\t\t\t\t\t\t\t<div class=\"elementor-cta__content\">\n\t\t\t\t\n\t\t\t\t\t\t\t\t\t<span class=\"elementor-cta__title elementor-cta__content-item elementor-content-item\">\n\t\t\t\t\t\tTarif reportage <br>mariage\t\t\t\t\t<\/span>\n\t\t\t\t\n\t\t\t\t\n\t\t\t\t\t\t\t\t\t<div class=\"elementor-cta__button-wrapper elementor-cta__content-item elementor-content-item \">\n\t\t\t\t\t<span class=\"elementor-cta__button elementor-button elementor-size-\">\n\t\t\t\t\t\tJe d\u00e9couvre\t\t\t\t\t<\/span>\n\t\t\t\t\t<\/div>\n\t\t\t\t\t\t\t<\/div>\n\t\t\t\t\t\t<\/a>\n\t\t\t\t<\/div>\n\t\t\t\t<\/div>\n\t\t\t\t<div class=\"elementor-element elementor-element-4974cdc elementor-cta--skin-cover elementor-cta--valign-bottom elementor-widget__width-initial elementor-bg-transform elementor-bg-transform-zoom-in elementor-invisible elementor-widget elementor-widget-call-to-action\" data-id=\"4974cdc\" data-element_type=\"widget\" data-settings=\"{&quot;_animation&quot;:&quot;fadeInUp&quot;}\" data-widget_type=\"call-to-action.default\">\n\t\t\t\t<div class=\"elementor-widget-container\">\n\t\t\t\t\t<div class=\"elementor-cta\">\n\t\t\t\t\t<div class=\"elementor-cta__bg-wrapper\">\n\t\t\t\t<div class=\"elementor-cta__bg elementor-bg\" style=\"background-image: url(https:\/\/atypicsphotography.com\/wp-content\/uploads\/2024\/03\/Lucien-13-scaled.jpg);\" role=\"img\" aria-label=\"Shooting portrait corporate - client prenant une tasse de caf\u00e9 dans un restaurant parisien\"><\/div>\n\t\t\t\t<div class=\"elementor-cta__bg-overlay\"><\/div>\n\t\t\t<\/div>\n\t\t\t\t\t\t\t<div class=\"elementor-cta__content\">\n\t\t\t\t\n\t\t\t\t\t\t\t\t\t<span class=\"elementor-cta__title elementor-cta__content-item elementor-content-item\">\n\t\t\t\t\t\tTarif shooting <br>solo & pro\t\t\t\t\t<\/span>\n\t\t\t\t\n\t\t\t\t\n\t\t\t\t\t\t\t\t\t<div class=\"elementor-cta__button-wrapper elementor-cta__content-item elementor-content-item \">\n\t\t\t\t\t<a class=\"elementor-cta__button elementor-button elementor-size-\" href=\"https:\/\/atypicsphotography.com\/index.php\/tarif-shooting-solo-et-pro\/\">\n\t\t\t\t\t\tJe d\u00e9couvre\t\t\t\t\t<\/a>\n\t\t\t\t\t<\/div>\n\t\t\t\t\t\t\t<\/div>\n\t\t\t\t\t\t<\/div>\n\t\t\t\t<\/div>\n\t\t\t\t<\/div>\n\t\t\t\t<div class=\"elementor-element elementor-element-2bb259a elementor-cta--skin-cover elementor-cta--valign-bottom elementor-widget__width-initial elementor-bg-transform elementor-bg-transform-zoom-in elementor-invisible elementor-widget elementor-widget-call-to-action\" data-id=\"2bb259a\" data-element_type=\"widget\" data-settings=\"{&quot;_animation&quot;:&quot;fadeInUp&quot;}\" data-widget_type=\"call-to-action.default\">\n\t\t\t\t<div class=\"elementor-widget-container\">\n\t\t\t\t\t<div class=\"elementor-cta\">\n\t\t\t\t\t<div class=\"elementor-cta__bg-wrapper\">\n\t\t\t\t<div class=\"elementor-cta__bg elementor-bg\" style=\"background-image: url(https:\/\/atypicsphotography.com\/wp-content\/uploads\/2024\/03\/Cedric-Aurore-36-scaled.jpg);\" role=\"img\" aria-label=\"Ce\u0301dric &amp; Aurore-36\"><\/div>\n\t\t\t\t<div class=\"elementor-cta__bg-overlay\"><\/div>\n\t\t\t<\/div>\n\t\t\t\t\t\t\t<div class=\"elementor-cta__content\">\n\t\t\t\t\n\t\t\t\t\t\t\t\t\t<span class=\"elementor-cta__title elementor-cta__content-item elementor-content-item\">\n\t\t\t\t\t\tTarif shooting <br>duo & famille\t\t\t\t\t<\/span>\n\t\t\t\t\n\t\t\t\t\n\t\t\t\t\t\t\t\t\t<div class=\"elementor-cta__button-wrapper elementor-cta__content-item elementor-content-item \">\n\t\t\t\t\t<a class=\"elementor-cta__button elementor-button elementor-size-\" href=\"https:\/\/atypicsphotography.com\/index.php\/tarif-shooting-duo-et-famille\/\">\n\t\t\t\t\t\tJe d\u00e9couvre\t\t\t\t\t<\/a>\n\t\t\t\t\t<\/div>\n\t\t\t\t\t\t\t<\/div>\n\t\t\t\t\t\t<\/div>\n\t\t\t\t<\/div>\n\t\t\t\t<\/div>\n\t\t\t\t<\/div>\n\t\t<div class=\"elementor-element elementor-element-31035dd e-con-full e-flex e-con e-parent\" data-id=\"31035dd\" data-element_type=\"container\" data-settings=\"{&quot;background_background&quot;:&quot;classic&quot;}\">\n\t\t\t\t<div class=\"elementor-element elementor-element-ca0476b elementor-widget elementor-widget-heading\" data-id=\"ca0476b\" data-element_type=\"widget\" data-widget_type=\"heading.default\">\n\t\t\t\t<div class=\"elementor-widget-container\">\n\t\t\t<h2 class=\"elementor-heading-title elementor-size-default\">R\u00e9servez une s\u00e9ance avec nous <\/h2>\t\t<\/div>\n\t\t\t\t<\/div>\n\t\t\t\t<div class=\"elementor-element elementor-element-10b119d elementor-widget elementor-widget-heading\" data-id=\"10b119d\" data-element_type=\"widget\" data-widget_type=\"heading.default\">\n\t\t\t\t<div class=\"elementor-widget-container\">\n\t\t\t<h2 class=\"elementor-heading-title elementor-size-default\">Vos souvenirs n'ont pas de prix<\/h2>\t\t<\/div>\n\t\t\t\t<\/div>\n\t\t\t\t<div class=\"elementor-element elementor-element-2de4c7e elementor-widget elementor-widget-heading\" data-id=\"2de4c7e\" data-element_type=\"widget\" data-widget_type=\"heading.default\">\n\t\t\t\t<div class=\"elementor-widget-container\">\n\t\t\t<h2 class=\"elementor-heading-title elementor-size-default\">Offrez vous des photos m\u00e9morables<\/h2>\t\t<\/div>\n\t\t\t\t<\/div>\n\t\t\t\t<div class=\"elementor-element elementor-element-6c3c74a elementor-align-center elementor-widget elementor-widget-button\" data-id=\"6c3c74a\" data-element_type=\"widget\" data-widget_type=\"button.default\">\n\t\t\t\t<div class=\"elementor-widget-container\">\n\t\t\t\t\t<div class=\"elementor-button-wrapper\">\n\t\t\t<a class=\"elementor-button elementor-button-link elementor-size-sm\" href=\"https:\/\/atypicsphotography.com\/index.php\/contact-2\/\">\n\t\t\t\t\t\t<span class=\"elementor-button-content-wrapper\">\n\t\t\t\t\t\t\t\t\t<span class=\"elementor-button-text\">Contactez nous<\/span>\n\t\t\t\t\t<\/span>\n\t\t\t\t\t<\/a>\n\t\t<\/div>\n\t\t\t\t<\/div>\n\t\t\t\t<\/div>\n\t\t\t\t<\/div>\n\t\t\t\t<\/div>\n\t\t","protected":false},"excerpt":{"rendered":"<p>D\u00e9couvrez nos services Mariage, \u00e9v\u00e9nement, shooting solo ou en duo&#8230; Nous r\u00e9pondons \u00e0 toutes vos envies et rendons vos moments inobliables ! Tarif reportage mariage Je d\u00e9couvre Tarif shooting solo &#038; pro Je d\u00e9couvre Tarif shooting duo &#038; famille Je d\u00e9couvre R\u00e9servez une s\u00e9ance avec nous Vos souvenirs n&#8217;ont pas de prix Offrez vous des [&hellip;]<\/p>\n","protected":false},"author":1,"featured_media":265,"parent":0,"menu_order":0,"comment_status":"closed","ping_status":"closed","template":"","meta":{"ocean_post_layout":"","ocean_both_sidebars_style":"","ocean_both_sidebars_content_width":0,"ocean_both_sidebars_sidebars_width":0,"ocean_sidebar":"","ocean_second_sidebar":"","ocean_disable_margins":"enable","ocean_add_body_class":"","ocean_shortcode_before_top_bar":"","ocean_shortcode_after_top_bar":"","ocean_shortcode_before_header":"","ocean_shortcode_after_header":"","ocean_has_shortcode":"","ocean_shortcode_after_title":"","ocean_shortcode_before_footer_widgets":"","ocean_shortcode_after_footer_widgets":"","ocean_shortcode_before_footer_bottom":"","ocean_shortcode_after_footer_bottom":"","ocean_display_top_bar":"default","ocean_display_header":"default","ocean_header_style":"","ocean_center_header_left_menu":"","ocean_custom_header_template":"","ocean_custom_logo":0,"ocean_custom_retina_logo":0,"ocean_custom_logo_max_width":0,"ocean_custom_logo_tablet_max_width":0,"ocean_custom_logo_mobile_max_width":0,"ocean_custom_logo_max_height":0,"ocean_custom_logo_tablet_max_height":0,"ocean_custom_logo_mobile_max_height":0,"ocean_header_custom_menu":"","ocean_menu_typo_font_family":"","ocean_menu_typo_font_subset":"","ocean_menu_typo_font_size":0,"ocean_menu_typo_font_size_tablet":0,"ocean_menu_typo_font_size_mobile":0,"ocean_menu_typo_font_size_unit":"px","ocean_menu_typo_font_weight":"","ocean_menu_typo_font_weight_tablet":"","ocean_menu_typo_font_weight_mobile":"","ocean_menu_typo_transform":"","ocean_menu_typo_transform_tablet":"","ocean_menu_typo_transform_mobile":"","ocean_menu_typo_line_height":0,"ocean_menu_typo_line_height_tablet":0,"ocean_menu_typo_line_height_mobile":0,"ocean_menu_typo_line_height_unit":"","ocean_menu_typo_spacing":0,"ocean_menu_typo_spacing_tablet":0,"ocean_menu_typo_spacing_mobile":0,"ocean_menu_typo_spacing_unit":"","ocean_menu_link_color":"","ocean_menu_link_color_hover":"","ocean_menu_link_color_active":"","ocean_menu_link_background":"","ocean_menu_link_hover_background":"","ocean_menu_link_active_background":"","ocean_menu_social_links_bg":"","ocean_menu_social_hover_links_bg":"","ocean_menu_social_links_color":"","ocean_menu_social_hover_links_color":"","ocean_disable_title":"default","ocean_disable_heading":"default","ocean_post_title":"","ocean_post_subheading":"","ocean_post_title_style":"","ocean_post_title_background_color":"","ocean_post_title_background":0,"ocean_post_title_bg_image_position":"","ocean_post_title_bg_image_attachment":"","ocean_post_title_bg_image_repeat":"","ocean_post_title_bg_image_size":"","ocean_post_title_height":0,"ocean_post_title_bg_overlay":0.5,"ocean_post_title_bg_overlay_color":"","ocean_disable_breadcrumbs":"default","ocean_breadcrumbs_color":"","ocean_breadcrumbs_separator_color":"","ocean_breadcrumbs_links_color":"","ocean_breadcrumbs_links_hover_color":"","ocean_display_footer_widgets":"default","ocean_display_footer_bottom":"default","ocean_custom_footer_template":"","footnotes":""},"yoast_head":"<!-- This site is optimized with the Yoast SEO plugin v22.8 - https:\/\/yoast.com\/wordpress\/plugins\/seo\/ -->\n<title>Tarifs - atypics photography<\/title>\n<meta name=\"description\" content=\"D\u00e9couvrez les tarifs d&#039;Atypics Photographie \u00e0 Paris et en \u00cele-de-France : photos de couple, portraits individuels, corporate et mariages. R\u00e9servez votre s\u00e9ance photo d\u00e8s aujourd&#039;hui !\" \/>\n<meta name=\"robots\" content=\"index, follow, max-snippet:-1, max-image-preview:large, max-video-preview:-1\" \/>\n<link rel=\"canonical\" href=\"https:\/\/atypicsphotography.com\/index.php\/services\/\" \/>\n<meta property=\"og:locale\" content=\"en_US\" \/>\n<meta property=\"og:type\" content=\"article\" \/>\n<meta property=\"og:title\" content=\"Tarifs - atypics photography\" \/>\n<meta property=\"og:description\" content=\"D\u00e9couvrez les tarifs d&#039;Atypics Photographie \u00e0 Paris et en \u00cele-de-France : photos de couple, portraits individuels, corporate et mariages. R\u00e9servez votre s\u00e9ance photo d\u00e8s aujourd&#039;hui !\" \/>\n<meta property=\"og:url\" content=\"https:\/\/atypicsphotography.com\/index.php\/services\/\" \/>\n<meta property=\"og:site_name\" content=\"atypics photography\" \/>\n<meta property=\"article:modified_time\" content=\"2024-06-23T22:49:16+00:00\" \/>\n<meta property=\"og:image\" content=\"https:\/\/atypicsphotography.com\/wp-content\/uploads\/2024\/03\/Lucien-13-scaled.jpg\" \/>\n\t<meta property=\"og:image:width\" content=\"1754\" \/>\n\t<meta property=\"og:image:height\" content=\"2560\" \/>\n\t<meta property=\"og:image:type\" content=\"image\/jpeg\" \/>\n<meta name=\"twitter:card\" content=\"summary_large_image\" \/>\n<meta name=\"twitter:label1\" content=\"Est. reading time\" \/>\n\t<meta name=\"twitter:data1\" content=\"1 minute\" \/>\n<script type=\"application\/ld+json\" class=\"yoast-schema-graph\">{\"@context\":\"https:\/\/schema.org\",\"@graph\":[{\"@type\":\"WebPage\",\"@id\":\"https:\/\/atypicsphotography.com\/index.php\/services\/\",\"url\":\"https:\/\/atypicsphotography.com\/index.php\/services\/\",\"name\":\"Tarifs - atypics photography\",\"isPartOf\":{\"@id\":\"https:\/\/atypicsphotography.com\/#website\"},\"primaryImageOfPage\":{\"@id\":\"https:\/\/atypicsphotography.com\/index.php\/services\/#primaryimage\"},\"image\":{\"@id\":\"https:\/\/atypicsphotography.com\/index.php\/services\/#primaryimage\"},\"thumbnailUrl\":\"https:\/\/atypicsphotography.com\/wp-content\/uploads\/2024\/03\/Lucien-13-scaled.jpg\",\"datePublished\":\"2024-03-24T14:32:40+00:00\",\"dateModified\":\"2024-06-23T22:49:16+00:00\",\"description\":\"D\u00e9couvrez les tarifs d'Atypics Photographie \u00e0 Paris et en \u00cele-de-France : photos de couple, portraits individuels, corporate et mariages. R\u00e9servez votre s\u00e9ance photo d\u00e8s aujourd'hui !\",\"breadcrumb\":{\"@id\":\"https:\/\/atypicsphotography.com\/index.php\/services\/#breadcrumb\"},\"inLanguage\":\"en-US\",\"potentialAction\":[{\"@type\":\"ReadAction\",\"target\":[\"https:\/\/atypicsphotography.com\/index.php\/services\/\"]}]},{\"@type\":\"ImageObject\",\"inLanguage\":\"en-US\",\"@id\":\"https:\/\/atypicsphotography.com\/index.php\/services\/#primaryimage\",\"url\":\"https:\/\/atypicsphotography.com\/wp-content\/uploads\/2024\/03\/Lucien-13-scaled.jpg\",\"contentUrl\":\"https:\/\/atypicsphotography.com\/wp-content\/uploads\/2024\/03\/Lucien-13-scaled.jpg\",\"width\":1754,\"height\":2560,\"caption\":\"Shooting portrait corporate - client prenant une tasse de caf\u00e9 dans un restaurant parisien\"},{\"@type\":\"BreadcrumbList\",\"@id\":\"https:\/\/atypicsphotography.com\/index.php\/services\/#breadcrumb\",\"itemListElement\":[{\"@type\":\"ListItem\",\"position\":1,\"name\":\"Accueil\",\"item\":\"https:\/\/atypicsphotography.com\/\"},{\"@type\":\"ListItem\",\"position\":2,\"name\":\"Tarifs\"}]},{\"@type\":\"WebSite\",\"@id\":\"https:\/\/atypicsphotography.com\/#website\",\"url\":\"https:\/\/atypicsphotography.com\/\",\"name\":\"atypics photography\",\"description\":\"\",\"publisher\":{\"@id\":\"https:\/\/atypicsphotography.com\/#organization\"},\"potentialAction\":[{\"@type\":\"SearchAction\",\"target\":{\"@type\":\"EntryPoint\",\"urlTemplate\":\"https:\/\/atypicsphotography.com\/?s={search_term_string}\"},\"query-input\":\"required name=search_term_string\"}],\"inLanguage\":\"en-US\"},{\"@type\":\"Organization\",\"@id\":\"https:\/\/atypicsphotography.com\/#organization\",\"name\":\"Atypics photography\",\"url\":\"https:\/\/atypicsphotography.com\/\",\"logo\":{\"@type\":\"ImageObject\",\"inLanguage\":\"en-US\",\"@id\":\"https:\/\/atypicsphotography.com\/#\/schema\/logo\/image\/\",\"url\":\"https:\/\/atypicsphotography.com\/wp-content\/uploads\/2024\/03\/cropped-Logo-Atypics-Photographie-1-1.png\",\"contentUrl\":\"https:\/\/atypicsphotography.com\/wp-content\/uploads\/2024\/03\/cropped-Logo-Atypics-Photographie-1-1.png\",\"width\":500,\"height\":137,\"caption\":\"Atypics photography\"},\"image\":{\"@id\":\"https:\/\/atypicsphotography.com\/#\/schema\/logo\/image\/\"},\"sameAs\":[\"https:\/\/www.instagram.com\/atypics_photography\/\"]}]}<\/script>\n<!-- \/ Yoast SEO plugin. -->","yoast_head_json":{"title":"Tarifs - atypics photography","description":"D\u00e9couvrez les tarifs d'Atypics Photographie \u00e0 Paris et en \u00cele-de-France : photos de couple, portraits individuels, corporate et mariages. R\u00e9servez votre s\u00e9ance photo d\u00e8s aujourd'hui !","robots":{"index":"index","follow":"follow","max-snippet":"max-snippet:-1","max-image-preview":"max-image-preview:large","max-video-preview":"max-video-preview:-1"},"canonical":"https:\/\/atypicsphotography.com\/index.php\/services\/","og_locale":"en_US","og_type":"article","og_title":"Tarifs - atypics photography","og_description":"D\u00e9couvrez les tarifs d'Atypics Photographie \u00e0 Paris et en \u00cele-de-France : photos de couple, portraits individuels, corporate et mariages. R\u00e9servez votre s\u00e9ance photo d\u00e8s aujourd'hui !","og_url":"https:\/\/atypicsphotography.com\/index.php\/services\/","og_site_name":"atypics photography","article_modified_time":"2024-06-23T22:49:16+00:00","og_image":[{"width":1754,"height":2560,"url":"https:\/\/atypicsphotography.com\/wp-content\/uploads\/2024\/03\/Lucien-13-scaled.jpg","type":"image\/jpeg"}],"twitter_card":"summary_large_image","twitter_misc":{"Est. reading time":"1 minute"},"schema":{"@context":"https:\/\/schema.org","@graph":[{"@type":"WebPage","@id":"https:\/\/atypicsphotography.com\/index.php\/services\/","url":"https:\/\/atypicsphotography.com\/index.php\/services\/","name":"Tarifs - atypics photography","isPartOf":{"@id":"https:\/\/atypicsphotography.com\/#website"},"primaryImageOfPage":{"@id":"https:\/\/atypicsphotography.com\/index.php\/services\/#primaryimage"},"image":{"@id":"https:\/\/atypicsphotography.com\/index.php\/services\/#primaryimage"},"thumbnailUrl":"https:\/\/atypicsphotography.com\/wp-content\/uploads\/2024\/03\/Lucien-13-scaled.jpg","datePublished":"2024-03-24T14:32:40+00:00","dateModified":"2024-06-23T22:49:16+00:00","description":"D\u00e9couvrez les tarifs d'Atypics Photographie \u00e0 Paris et en \u00cele-de-France : photos de couple, portraits individuels, corporate et mariages. R\u00e9servez votre s\u00e9ance photo d\u00e8s aujourd'hui !","breadcrumb":{"@id":"https:\/\/atypicsphotography.com\/index.php\/services\/#breadcrumb"},"inLanguage":"en-US","potentialAction":[{"@type":"ReadAction","target":["https:\/\/atypicsphotography.com\/index.php\/services\/"]}]},{"@type":"ImageObject","inLanguage":"en-US","@id":"https:\/\/atypicsphotography.com\/index.php\/services\/#primaryimage","url":"https:\/\/atypicsphotography.com\/wp-content\/uploads\/2024\/03\/Lucien-13-scaled.jpg","contentUrl":"https:\/\/atypicsphotography.com\/wp-content\/uploads\/2024\/03\/Lucien-13-scaled.jpg","width":1754,"height":2560,"caption":"Shooting portrait corporate - client prenant une tasse de caf\u00e9 dans un restaurant parisien"},{"@type":"BreadcrumbList","@id":"https:\/\/atypicsphotography.com\/index.php\/services\/#breadcrumb","itemListElement":[{"@type":"ListItem","position":1,"name":"Accueil","item":"https:\/\/atypicsphotography.com\/"},{"@type":"ListItem","position":2,"name":"Tarifs"}]},{"@type":"WebSite","@id":"https:\/\/atypicsphotography.com\/#website","url":"https:\/\/atypicsphotography.com\/","name":"atypics photography","description":"","publisher":{"@id":"https:\/\/atypicsphotography.com\/#organization"},"potentialAction":[{"@type":"SearchAction","target":{"@type":"EntryPoint","urlTemplate":"https:\/\/atypicsphotography.com\/?s={search_term_string}"},"query-input":"required name=search_term_string"}],"inLanguage":"en-US"},{"@type":"Organization","@id":"https:\/\/atypicsphotography.com\/#organization","name":"Atypics photography","url":"https:\/\/atypicsphotography.com\/","logo":{"@type":"ImageObject","inLanguage":"en-US","@id":"https:\/\/atypicsphotography.com\/#\/schema\/logo\/image\/","url":"https:\/\/atypicsphotography.com\/wp-content\/uploads\/2024\/03\/cropped-Logo-Atypics-Photographie-1-1.png","contentUrl":"https:\/\/atypicsphotography.com\/wp-content\/uploads\/2024\/03\/cropped-Logo-Atypics-Photographie-1-1.png","width":500,"height":137,"caption":"Atypics photography"},"image":{"@id":"https:\/\/atypicsphotography.com\/#\/schema\/logo\/image\/"},"sameAs":["https:\/\/www.instagram.com\/atypics_photography\/"]}]}},"_links":{"self":[{"href":"https:\/\/atypicsphotography.com\/index.php\/wp-json\/wp\/v2\/pages\/334"}],"collection":[{"href":"https:\/\/atypicsphotography.com\/index.php\/wp-json\/wp\/v2\/pages"}],"about":[{"href":"https:\/\/atypicsphotography.com\/index.php\/wp-json\/wp\/v2\/types\/page"}],"author":[{"embeddable":true,"href":"https:\/\/atypicsphotography.com\/index.php\/wp-json\/wp\/v2\/users\/1"}],"replies":[{"embeddable":true,"href":"https:\/\/atypicsphotography.com\/index.php\/wp-json\/wp\/v2\/comments?post=334"}],"version-history":[{"count":158,"href":"https:\/\/atypicsphotography.com\/index.php\/wp-json\/wp\/v2\/pages\/334\/revisions"}],"predecessor-version":[{"id":2397,"href":"https:\/\/atypicsphotography.com\/index.php\/wp-json\/wp\/v2\/pages\/334\/revisions\/2397"}],"wp:featuredmedia":[{"embeddable":true,"href":"https:\/\/atypicsphotography.com\/index.php\/wp-json\/wp\/v2\/media\/265"}],"wp:attachment":[{"href":"https:\/\/atypicsphotography.com\/index.php\/wp-json\/wp\/v2\/media?parent=334"}],"curies":[{"name":"wp","href":"https:\/\/api.w.org\/{rel}","templated":true}]}}